{"id":1653,"date":"2020-07-31T01:08:50","date_gmt":"2020-07-31T01:08:50","guid":{"rendered":"https:\/\/equipoacademy.org\/?page_id=1653"},"modified":"2025-11-20T17:19:40","modified_gmt":"2025-11-20T17:19:40","slug":"apply","status":"publish","type":"page","link":"https:\/\/equipoacademy.org\/es\/students\/apply\/","title":{"rendered":"Aplicar"},"content":{"rendered":"<div data-elementor-type=\"wp-page\" data-elementor-id=\"1653\" class=\"elementor elementor-1653\" data-elementor-post-type=\"page\">\n\t\t\t\t\t\t<section data-particle_enable=\"false\" data-particle-mobile-disabled=\"false\" class=\"elementor-section elementor-top-section elementor-element elementor-element-4419e476 elementor-section-stretched elementor-section-full_width elementor-section-height-min-height elementor-section-height-default elementor-section-items-middle\" data-id=\"4419e476\" data-element_type=\"section\" data-e-type=\"section\" data-settings=\"{&quot;stretch_section&quot;:&quot;section-stretched&quot;,&quot;background_background&quot;:&quot;classic&quot;}\">\n\t\t\t\t\t\t\t<div class=\"elementor-background-overlay\"><\/div>\n\t\t\t\t\t\t\t<div class=\"elementor-container elementor-column-gap-default\">\n\t\t\t\t\t<div class=\"elementor-column elementor-col-100 elementor-top-column elementor-element elementor-element-a0e591b\" data-id=\"a0e591b\" data-element_type=\"column\" data-e-type=\"column\" data-settings=\"{&quot;background_background&quot;:&quot;classic&quot;}\">\n\t\t\t<div class=\"elementor-widget-wrap elementor-element-populated\">\n\t\t\t\t\t\t<div class=\"elementor-element elementor-element-246dc4f elementor-widget-divider--view-line elementor-widget elementor-widget-divider\" data-id=\"246dc4f\" data-element_type=\"widget\" data-e-type=\"widget\" data-widget_type=\"divider.default\">\n\t\t\t\t<div class=\"elementor-widget-container\">\n\t\t\t\t\t\t\t<div class=\"elementor-divider\">\n\t\t\t<span class=\"elementor-divider-separator\">\n\t\t\t\t\t\t<\/span>\n\t\t<\/div>\n\t\t\t\t\t\t<\/div>\n\t\t\t\t<\/div>\n\t\t\t\t<section data-particle_enable=\"false\" data-particle-mobile-disabled=\"false\" class=\"elementor-section elementor-inner-section elementor-element elementor-element-1951705c elementor-section-boxed elementor-section-height-default elementor-section-height-default\" data-id=\"1951705c\" data-element_type=\"section\" data-e-type=\"section\">\n\t\t\t\t\t\t<div class=\"elementor-container elementor-column-gap-default\">\n\t\t\t\t\t<div class=\"elementor-column elementor-col-100 elementor-inner-column elementor-element elementor-element-4b5ec6fc\" data-id=\"4b5ec6fc\" data-element_type=\"column\" data-e-type=\"column\">\n\t\t\t<div class=\"elementor-widget-wrap elementor-element-populated\">\n\t\t\t\t\t\t<div class=\"elementor-element elementor-element-2771fd9e elementor-hidden-tablet elementor-hidden-phone elementor-widget elementor-widget-heading\" data-id=\"2771fd9e\" data-element_type=\"widget\" data-e-type=\"widget\" data-widget_type=\"heading.default\">\n\t\t\t\t<div class=\"elementor-widget-container\">\n\t\t\t\t\t<h2 class=\"elementor-heading-title elementor-size-default\">Applying to Equipo Academy<\/h2>\t\t\t\t<\/div>\n\t\t\t\t<\/div>\n\t\t\t\t<div class=\"elementor-element elementor-element-4ef3a09 elementor-hidden-desktop elementor-widget elementor-widget-heading\" data-id=\"4ef3a09\" data-element_type=\"widget\" data-e-type=\"widget\" data-widget_type=\"heading.default\">\n\t\t\t\t<div class=\"elementor-widget-container\">\n\t\t\t\t\t<h2 class=\"elementor-heading-title elementor-size-default\">Aplicando a<\/h2>\t\t\t\t<\/div>\n\t\t\t\t<\/div>\n\t\t\t\t<div class=\"elementor-element elementor-element-d6c1e6a elementor-hidden-desktop elementor-widget elementor-widget-heading\" data-id=\"d6c1e6a\" data-element_type=\"widget\" data-e-type=\"widget\" data-widget_type=\"heading.default\">\n\t\t\t\t<div class=\"elementor-widget-container\">\n\t\t\t\t\t<h2 class=\"elementor-heading-title elementor-size-default\">Equipo Academy<\/h2>\t\t\t\t<\/div>\n\t\t\t\t<\/div>\n\t\t\t\t\t<\/div>\n\t\t<\/div>\n\t\t\t\t\t<\/div>\n\t\t<\/section>\n\t\t\t\t<section data-particle_enable=\"false\" data-particle-mobile-disabled=\"false\" class=\"elementor-section elementor-inner-section elementor-element elementor-element-279f5529 elementor-section-boxed elementor-section-height-default elementor-section-height-default\" data-id=\"279f5529\" data-element_type=\"section\" data-e-type=\"section\">\n\t\t\t\t\t\t<div class=\"elementor-container elementor-column-gap-default\">\n\t\t\t\t\t<div class=\"elementor-column elementor-col-100 elementor-inner-column elementor-element elementor-element-741dd1a9\" data-id=\"741dd1a9\" data-element_type=\"column\" data-e-type=\"column\">\n\t\t\t<div class=\"elementor-widget-wrap elementor-element-populated\">\n\t\t\t\t\t\t<div class=\"elementor-element elementor-element-be14dd8 elementor-hidden-phone elementor-widget elementor-widget-text-editor\" data-id=\"be14dd8\" data-element_type=\"widget\" data-e-type=\"widget\" data-widget_type=\"text-editor.default\">\n\t\t\t\t<div class=\"elementor-widget-container\">\n\t\t\t\t\t\t\t\t\t<h1 style=\"text-align: center;\"><span style=\"color: #ffffff;\">Haga clic en el bot\u00f3n de abajo para solicitar en l\u00ednea o verificar su estado<\/span><\/h1>\t\t\t\t\t\t\t\t<\/div>\n\t\t\t\t<\/div>\n\t\t\t\t<div class=\"elementor-element elementor-element-9e2c095 elementor-hidden-desktop elementor-hidden-tablet elementor-widget elementor-widget-text-editor\" data-id=\"9e2c095\" data-element_type=\"widget\" data-e-type=\"widget\" data-widget_type=\"text-editor.default\">\n\t\t\t\t<div class=\"elementor-widget-container\">\n\t\t\t\t\t\t\t\t\t<h5 style=\"text-align: center;\"><span style=\"color: #ffffff;\">Haga clic en el bot\u00f3n de abajo para solicitar en l\u00ednea o verificar su estado<\/span><\/h5>\t\t\t\t\t\t\t\t<\/div>\n\t\t\t\t<\/div>\n\t\t\t\t<div class=\"elementor-element elementor-element-f3156a2 elementor-widget elementor-widget-eael-creative-button\" data-id=\"f3156a2\" data-element_type=\"widget\" data-e-type=\"widget\" data-widget_type=\"eael-creative-button.default\">\n\t\t\t\t<div class=\"elementor-widget-container\">\n\t\t\t\t\t        <div class=\"eael-creative-button-wrapper\">\n\n            <a class=\"eael-creative-button eael-creative-button--default eael-cb-icon-position-\" href=\"https:\/\/equipoacademy.schoolmint.net\/signin\" target=\"_blank\" data-text=\"Go!\">\n            \t    \n                <div class=\"creative-button-inner\">\n\n                    \n                    <span class=\"cretive-button-text\">APLICAR EN L\u00cdNEA o VERIFICAR SU ESTADO<\/span>\n\n                                    <\/div>\n\t                        <\/a>\n        <\/div>\n        \t\t\t\t<\/div>\n\t\t\t\t<\/div>\n\t\t\t\t<div class=\"elementor-element elementor-element-8e676cb elementor-widget elementor-widget-text-editor\" data-id=\"8e676cb\" data-element_type=\"widget\" data-e-type=\"widget\" data-widget_type=\"text-editor.default\">\n\t\t\t\t<div class=\"elementor-widget-container\">\n\t\t\t\t\t\t\t\t\t<h1 style=\"text-align: center;\"><a href=\"https:\/\/equipoacademy.schoolmint.net\" target=\"_blank\" rel=\"noopener\"><span style=\"color: #ffffff;\"><strong><span style=\"text-decoration: underline;\">https:\/\/equipoacademy.schoolmint.net<\/span><\/strong><\/span><\/a><\/h1>\t\t\t\t\t\t\t\t<\/div>\n\t\t\t\t<\/div>\n\t\t\t\t<div class=\"elementor-element elementor-element-78934f7 elementor-widget elementor-widget-text-editor\" data-id=\"78934f7\" data-element_type=\"widget\" data-e-type=\"widget\" data-widget_type=\"text-editor.default\">\n\t\t\t\t<div class=\"elementor-widget-container\">\n\t\t\t\t\t\t\t\t\t<h4><span style=\"color: #ffffff;\">RESUMEN DE LA LOTER\u00cdA<\/span><\/h4><h4 style=\"text-align: left;\"><span style=\"color: #ffffff;\"><strong>Equipo Academy es una escuela aut\u00f3noma p\u00fablica preparatoria para la universidad patrocinada por la Autoridad estatal de escuelas aut\u00f3nomas p\u00fablicas.  Mientras que Equipo Academy es una escuela p\u00fablica gratuita abierta a todos los estudiantes en el condado de Clark, la escuela no est\u00e1 afiliada al Distrito Escolar del Condado de Clark y mantiene un proceso de solicitud e inscripci\u00f3n por separado de las escuelas del distrito.  Como una escuela rigurosa de preparaci\u00f3n para la universidad, el Cuerpo Gobernante de Equipo Academy prepara pautas de loter\u00eda para administrar los ciclos de inscripci\u00f3n donde puede haber mayor inter\u00e9s en la escuela de lo que la escuela tiene la capacidad de servir.  De acuerdo con NRS 386.580, si el n\u00famero de estudiantes que solicitan un grado espec\u00edfico en Equipo Academy supera el n\u00famero de cupos disponibles en ese grado, las solicitudes se elegir\u00e1n mediante un procedimiento de loter\u00eda.  Los objetivos de la solicitud, la loter\u00eda y el proceso de inscripci\u00f3n de Equipo Academy son la accesibilidad, la equidad y la eficiencia.<\/strong><\/span><\/h4>\t\t\t\t\t\t\t\t<\/div>\n\t\t\t\t<\/div>\n\t\t\t\t<div class=\"elementor-element elementor-element-62cf4a8 elementor-widget elementor-widget-heading\" data-id=\"62cf4a8\" data-element_type=\"widget\" data-e-type=\"widget\" data-widget_type=\"heading.default\">\n\t\t\t\t<div class=\"elementor-widget-container\">\n\t\t\t\t\t<h2 class=\"elementor-heading-title elementor-size-default\">Application and Lottery Process<\/h2>\t\t\t\t<\/div>\n\t\t\t\t<\/div>\n\t\t\t\t<div class=\"elementor-element elementor-element-1688253 elementor-widget elementor-widget-heading\" data-id=\"1688253\" data-element_type=\"widget\" data-e-type=\"widget\" data-widget_type=\"heading.default\">\n\t\t\t\t<div class=\"elementor-widget-container\">\n\t\t\t\t\t<h2 class=\"elementor-heading-title elementor-size-default\">Dates for New Applicants<\/h2>\t\t\t\t<\/div>\n\t\t\t\t<\/div>\n\t\t\t\t<div class=\"elementor-element elementor-element-f44baec elementor-widget elementor-widget-toggle\" data-id=\"f44baec\" data-element_type=\"widget\" data-e-type=\"widget\" data-widget_type=\"toggle.default\">\n\t\t\t\t<div class=\"elementor-widget-container\">\n\t\t\t\t\t\t\t<div class=\"elementor-toggle\">\n\t\t\t\t\t\t\t<div class=\"elementor-toggle-item\">\n\t\t\t\t\t<div id=\"elementor-tab-title-2561\" class=\"elementor-tab-title\" data-tab=\"1\" role=\"button\" aria-controls=\"elementor-tab-content-2561\" aria-expanded=\"false\">\n\t\t\t\t\t\t\t\t\t\t\t\t<span class=\"elementor-toggle-icon elementor-toggle-icon-left\" aria-hidden=\"true\">\n\t\t\t\t\t\t\t\t\t\t\t\t\t\t\t<span class=\"elementor-toggle-icon-closed\"><i class=\"fas fa-caret-right\"><\/i><\/span>\n\t\t\t\t\t\t\t\t<span class=\"elementor-toggle-icon-opened\"><i class=\"elementor-toggle-icon-opened fas fa-caret-up\"><\/i><\/span>\n\t\t\t\t\t\t\t\t\t\t\t\t\t<\/span>\n\t\t\t\t\t\t\t\t\t\t\t\t<a class=\"elementor-toggle-title\" tabindex=\"0\">Online Application (Nov. 24, 2025 - Jan. 31, 2026 at 4:59P.M.)<\/a>\n\t\t\t\t\t<\/div>\n\n\t\t\t\t\t<div id=\"elementor-tab-content-2561\" class=\"elementor-tab-content elementor-clearfix\" data-tab=\"1\" role=\"region\" aria-labelledby=\"elementor-tab-title-2561\"><ul><li><h4><span style=\"color: #ffffff;\">Enrollment Application Window Opens on Nov. 24, 2025\u00a0<\/span><\/h4><\/li><li><h4><span style=\"color: #ffffff;\">Enrollment Application Window Closes on Jan. 31, 2026 at 4:59P.M.<\/span><\/h4><\/li><li><h4><strong><span style=\"color: #800000;\"><span style=\"color: #ffffff;\">Application Link &#8211; <\/span><a style=\"color: #ffffff;\" href=\"https:\/\/equipoacademy.schoolmint.net\">https:\/\/equipoacademy.schoolmint.net<\/a><\/span><\/strong><\/h4><\/li><\/ul><\/div>\n\t\t\t\t<\/div>\n\t\t\t\t\t\t\t<div class=\"elementor-toggle-item\">\n\t\t\t\t\t<div id=\"elementor-tab-title-2562\" class=\"elementor-tab-title\" data-tab=\"2\" role=\"button\" aria-controls=\"elementor-tab-content-2562\" aria-expanded=\"false\">\n\t\t\t\t\t\t\t\t\t\t\t\t<span class=\"elementor-toggle-icon elementor-toggle-icon-left\" aria-hidden=\"true\">\n\t\t\t\t\t\t\t\t\t\t\t\t\t\t\t<span class=\"elementor-toggle-icon-closed\"><i class=\"fas fa-caret-right\"><\/i><\/span>\n\t\t\t\t\t\t\t\t<span class=\"elementor-toggle-icon-opened\"><i class=\"elementor-toggle-icon-opened fas fa-caret-up\"><\/i><\/span>\n\t\t\t\t\t\t\t\t\t\t\t\t\t<\/span>\n\t\t\t\t\t\t\t\t\t\t\t\t<a class=\"elementor-toggle-title\" tabindex=\"0\">Lottery Day (Jan. 31, 2026 at 5P.M.)<\/a>\n\t\t\t\t\t<\/div>\n\n\t\t\t\t\t<div id=\"elementor-tab-content-2562\" class=\"elementor-tab-content elementor-clearfix\" data-tab=\"2\" role=\"region\" aria-labelledby=\"elementor-tab-title-2562\"><h4><span style=\"color: #ffffff;\">Lottery will run on Jan. 31, 2026 at 5P.M.<br \/><\/span><\/h4><\/div>\n\t\t\t\t<\/div>\n\t\t\t\t\t\t\t<div class=\"elementor-toggle-item\">\n\t\t\t\t\t<div id=\"elementor-tab-title-2563\" class=\"elementor-tab-title\" data-tab=\"3\" role=\"button\" aria-controls=\"elementor-tab-content-2563\" aria-expanded=\"false\">\n\t\t\t\t\t\t\t\t\t\t\t\t<span class=\"elementor-toggle-icon elementor-toggle-icon-left\" aria-hidden=\"true\">\n\t\t\t\t\t\t\t\t\t\t\t\t\t\t\t<span class=\"elementor-toggle-icon-closed\"><i class=\"fas fa-caret-right\"><\/i><\/span>\n\t\t\t\t\t\t\t\t<span class=\"elementor-toggle-icon-opened\"><i class=\"elementor-toggle-icon-opened fas fa-caret-up\"><\/i><\/span>\n\t\t\t\t\t\t\t\t\t\t\t\t\t<\/span>\n\t\t\t\t\t\t\t\t\t\t\t\t<a class=\"elementor-toggle-title\" tabindex=\"0\">Lottery Priority<\/a>\n\t\t\t\t\t<\/div>\n\n\t\t\t\t\t<div id=\"elementor-tab-content-2563\" class=\"elementor-tab-content elementor-clearfix\" data-tab=\"3\" role=\"region\" aria-labelledby=\"elementor-tab-title-2563\"><h4><span style=\"color: #ffffff;\">STUDENTS GIVEN PRIORITY IN THE EQUIPO ACADEMY LOTTERY<\/span><\/h4><h4><span style=\"color: #ffffff;\"><strong>Equipo Academy is a free, college-prep public school open to all students in East Las Vegas regardless of language spoken, FRL status, past academic performance, or any special needs.<\/strong> We welcome all students and we believe every student can meet our highest expectations. <\/span><\/h4><h4><span style=\"color: #ffffff;\"><strong>You may apply for either by clicking &#8220;Apply&#8221; below.<\/strong> If you have questions or need assistance, you can message us in the chat below.<\/span><\/h4><h4><span style=\"color: #ffffff;\"><strong>When completing an application during a lottery window, the application will ask information regarding an applying student\u2019s siblings, primary residence, and free- and reduced-price lunch eligibility. Each of these questions corresponds to a group given priority in our annual lottery. <br \/><\/strong><\/span><\/h4><h4 style=\"padding-left: 40px;\"><span style=\"color: #ffffff;\"><i><strong>(PRIORITY GROUP 1) Siblings of current students<\/strong><\/i><\/span><\/h4><h4 style=\"padding-left: 40px;\"><span style=\"color: #ffffff;\"><i><strong>(PRIORITY GROUP 2) <\/strong><\/i><i><strong>Students living within a two-mile radius of Equipo Academy<br \/><\/strong><\/i><\/span><\/h4><h4 style=\"padding-left: 40px;\"><span style=\"color: #ffffff;\"><i><strong>(PRIORITY GROUP 3) Students eligible for free- or reduced-price lunch programs shall receive priority in that order in any lottery window following the Equipo Academy charter.\u00a0<\/strong><\/i><\/span><\/h4><h4><span style=\"color: #ffffff;\">Answering any question related to these priorities is optional and may increase, though does not guarantee, your child\u2019s chance of admission.<\/span><\/h4><h4><span style=\"color: #ffffff;\">All families who have applied may check their application status or accept an offer at any time. Log-in to the application website using your phone number or e-mail with the password you created when you applied.<\/span><\/h4><\/div>\n\t\t\t\t<\/div>\n\t\t\t\t\t\t\t<div class=\"elementor-toggle-item\">\n\t\t\t\t\t<div id=\"elementor-tab-title-2564\" class=\"elementor-tab-title\" data-tab=\"4\" role=\"button\" aria-controls=\"elementor-tab-content-2564\" aria-expanded=\"false\">\n\t\t\t\t\t\t\t\t\t\t\t\t<span class=\"elementor-toggle-icon elementor-toggle-icon-left\" aria-hidden=\"true\">\n\t\t\t\t\t\t\t\t\t\t\t\t\t\t\t<span class=\"elementor-toggle-icon-closed\"><i class=\"fas fa-caret-right\"><\/i><\/span>\n\t\t\t\t\t\t\t\t<span class=\"elementor-toggle-icon-opened\"><i class=\"elementor-toggle-icon-opened fas fa-caret-up\"><\/i><\/span>\n\t\t\t\t\t\t\t\t\t\t\t\t\t<\/span>\n\t\t\t\t\t\t\t\t\t\t\t\t<a class=\"elementor-toggle-title\" tabindex=\"0\">Notification - After the Lottery<\/a>\n\t\t\t\t\t<\/div>\n\n\t\t\t\t\t<div id=\"elementor-tab-content-2564\" class=\"elementor-tab-content elementor-clearfix\" data-tab=\"4\" role=\"region\" aria-labelledby=\"elementor-tab-title-2564\"><ul>\n \t<li>\n<h4><span style=\"color: #ffffff;\">February 2, 2026 &#8211; <\/span><span style=\"color: #ffffff;\"><span style=\"text-decoration: underline;\">First Notification<\/span> &#8211; Electronic or paper notification letters sent to all admitted families.<\/span><\/h4>\n<\/li>\n<\/ul>\n<h4><\/h4>\n<ul>\n <li>\n<h4><span style=\"color: #ffffff;\">February 10, 2026 &#8211; <span style=\"text-decoration: underline;\">Second <\/span><\/span><span style=\"color: #ffffff;\"><span style=\"text-decoration: underline;\">Notification<\/span> &#8211; <\/span><span style=\"color: #ffffff;\">Phone calls will be made to all admitted families who have not responded to notification letters.<\/span><\/h4>\n<h4><\/h4>\n<\/li>\n \t<li>\n<h4><span style=\"color: #ffffff;\">February 17, 2026 &#8211; <\/span><span style=\"color: #ffffff;\"><span style=\"text-decoration: underline;\">Third and Final <\/span><span style=\"text-decoration: underline;\">Notification<\/span> &#8211; Postal mail letters sent to all admitted families whose electronic letters have bounced or phone numbers have failed.<\/span><\/h4>\n<\/li>\n \t<li>\n<h4><span style=\"color: #ffffff;\">Waitlist information will be sent to families electronically on Jan. 31, 2026<\/span><\/h4>\n<\/li>\n<\/ul><\/div>\n\t\t\t\t<\/div>\n\t\t\t\t\t\t\t<div class=\"elementor-toggle-item\">\n\t\t\t\t\t<div id=\"elementor-tab-title-2565\" class=\"elementor-tab-title\" data-tab=\"5\" role=\"button\" aria-controls=\"elementor-tab-content-2565\" aria-expanded=\"false\">\n\t\t\t\t\t\t\t\t\t\t\t\t<span class=\"elementor-toggle-icon elementor-toggle-icon-left\" aria-hidden=\"true\">\n\t\t\t\t\t\t\t\t\t\t\t\t\t\t\t<span class=\"elementor-toggle-icon-closed\"><i class=\"fas fa-caret-right\"><\/i><\/span>\n\t\t\t\t\t\t\t\t<span class=\"elementor-toggle-icon-opened\"><i class=\"elementor-toggle-icon-opened fas fa-caret-up\"><\/i><\/span>\n\t\t\t\t\t\t\t\t\t\t\t\t\t<\/span>\n\t\t\t\t\t\t\t\t\t\t\t\t<a class=\"elementor-toggle-title\" tabindex=\"0\">Online Registration (Feb. 1, 2026 at 12:00AM - Feb. 21, 2026 at 11:59P.M.)<\/a>\n\t\t\t\t\t<\/div>\n\n\t\t\t\t\t<div id=\"elementor-tab-content-2565\" class=\"elementor-tab-content elementor-clearfix\" data-tab=\"5\" role=\"region\" aria-labelledby=\"elementor-tab-title-2565\"><ul><li><h4><span style=\"color: #ffffff;\">Registration Window: Feb. 1, 2026 at 12:00AM &#8211; Feb. 21, 2026 at 11:59P.M.<\/span><\/h4><\/li><li><h4><span style=\"color: #ffffff;\">During the registration window all admitted students will have at least 15 days to confirm their enrollment by submitting registration paperwork. Please see the front office for more information.<\/span><\/h4><\/li><li><h4><span style=\"color: #ffffff;\">Registration Must Be Completed In 1 Sitting. Please make sure that you have all the needed documents listed below, before you begin your registration<\/span><\/h4><\/li><\/ul><h4><span style=\"color: #ffffff;\">Required Documents for Registration:<\/span><\/h4><h4>\u00a0<\/h4><ul><li style=\"list-style-type: none;\"><ul><li><h4><strong><span style=\"color: #ffffff;\">Parent ID<\/span><\/strong><\/h4><\/li><li><h4><span style=\"color: #ffffff;\">Student School ID Number<\/span><\/h4><\/li><li><h4><span style=\"color: #ffffff;\">Birth Certificate<\/span><\/h4><\/li><li><h4><span style=\"color: #ffffff;\">Shot Records<\/span><\/h4><\/li><li><h4><span style=\"color: #ffffff;\">Proof of Address (Utility Bill, Lease Agreement, or Mortgage Statement)<\/span><\/h4><ul><li style=\"list-style-type: none;\"><ul><li><h4><span style=\"color: #ffffff;\">Proof of Address must be under one of the legal guardian <\/span><\/h4><h4><span style=\"color: #ffffff;\">Or<\/span><\/h4><\/li><li><h4><span style=\"color: #ffffff;\">You must obtain a residential affidavit<\/span><\/h4><\/li><\/ul><\/li><\/ul><\/li><\/ul><\/li><li><h4><span style=\"color: #ffffff;\">Once registration is complete, you will receive a confirmation email. <\/span><\/h4><h4><span style=\"color: #ffffff;\">Please use the live chat link below if you have questions about the application process.<\/span><\/h4><\/li><\/ul><\/div>\n\t\t\t\t<\/div>\n\t\t\t\t\t\t\t\t<\/div>\n\t\t\t\t\t\t<\/div>\n\t\t\t\t<\/div>\n\t\t\t\t<div class=\"elementor-element elementor-element-99d5c02 elementor-widget elementor-widget-text-editor\" data-id=\"99d5c02\" data-element_type=\"widget\" data-e-type=\"widget\" data-widget_type=\"text-editor.default\">\n\t\t\t\t<div class=\"elementor-widget-container\">\n\t\t\t\t\t\t\t\t\t<h3><span style=\"color: #ffffff;\">*Free- and reduced-price lunch options are available for all eligible students at Equipo Academy. <\/span><\/h3><h3><span style=\"color: #ffffff;\">See our School Wellness Policy<span style=\"color: #800000;\"> <a style=\"color: #800000;\" href=\"https:\/\/secureservercdn.net\/192.169.221.188\/t9y.2cd.myftpupload.com\/wp-content\/uploads\/2020\/09\/SWP-09.16.15.pdf\">here.<\/a><\/span><br \/><\/span><\/h3>\t\t\t\t\t\t\t\t<\/div>\n\t\t\t\t<\/div>\n\t\t\t\t\t<\/div>\n\t\t<\/div>\n\t\t\t\t\t<\/div>\n\t\t<\/section>\n\t\t\t\t\t<\/div>\n\t\t<\/div>\n\t\t\t\t\t<\/div>\n\t\t<\/section>\n\t\t\t\t<\/div>","protected":false},"excerpt":{"rendered":"<p>Applying to Equipo Academy Applying to Equipo Academy Click the button below to apply online or check your status Click the button below to apply online or check your status APPLY ONLINE or CHECK YOUR STATUS https:\/\/equipoacademy.schoolmint.net LOTTERY OVERVIEW Equipo Academy is a college-preparatory public charter school sponsored by the State Public Charter School Authority. [&hellip;]<\/p>\n","protected":false},"author":1,"featured_media":0,"parent":134,"menu_order":0,"comment_status":"closed","ping_status":"closed","template":"elementor_header_footer","meta":{"ocean_post_layout":"","ocean_both_sidebars_style":"","ocean_both_sidebars_content_width":0,"ocean_both_sidebars_sidebars_width":0,"ocean_sidebar":"0","ocean_second_sidebar":"0","ocean_disable_margins":"enable","ocean_add_body_class":"","ocean_shortcode_before_top_bar":"","ocean_shortcode_after_top_bar":"","ocean_shortcode_before_header":"","ocean_shortcode_after_header":"","ocean_has_shortcode":"","ocean_shortcode_after_title":"","ocean_shortcode_before_footer_widgets":"","ocean_shortcode_after_footer_widgets":"","ocean_shortcode_before_footer_bottom":"","ocean_shortcode_after_footer_bottom":"","ocean_display_top_bar":"default","ocean_display_header":"default","ocean_header_style":"","ocean_center_header_left_menu":"0","ocean_custom_header_template":"0","ocean_custom_logo":0,"ocean_custom_retina_logo":0,"ocean_custom_logo_max_width":0,"ocean_custom_logo_tablet_max_width":0,"ocean_custom_logo_mobile_max_width":0,"ocean_custom_logo_max_height":0,"ocean_custom_logo_tablet_max_height":0,"ocean_custom_logo_mobile_max_height":0,"ocean_header_custom_menu":"0","ocean_menu_typo_font_family":"0","ocean_menu_typo_font_subset":"","ocean_menu_typo_font_size":0,"ocean_menu_typo_font_size_tablet":0,"ocean_menu_typo_font_size_mobile":0,"ocean_menu_typo_font_size_unit":"px","ocean_menu_typo_font_weight":"","ocean_menu_typo_font_weight_tablet":"","ocean_menu_typo_font_weight_mobile":"","ocean_menu_typo_transform":"","ocean_menu_typo_transform_tablet":"","ocean_menu_typo_transform_mobile":"","ocean_menu_typo_line_height":0,"ocean_menu_typo_line_height_tablet":0,"ocean_menu_typo_line_height_mobile":0,"ocean_menu_typo_line_height_unit":"","ocean_menu_typo_spacing":0,"ocean_menu_typo_spacing_tablet":0,"ocean_menu_typo_spacing_mobile":0,"ocean_menu_typo_spacing_unit":"","ocean_menu_link_color":"","ocean_menu_link_color_hover":"","ocean_menu_link_color_active":"","ocean_menu_link_background":"","ocean_menu_link_hover_background":"","ocean_menu_link_active_background":"","ocean_menu_social_links_bg":"","ocean_menu_social_hover_links_bg":"","ocean_menu_social_links_color":"","ocean_menu_social_hover_links_color":"","ocean_disable_title":"default","ocean_disable_heading":"default","ocean_post_title":"","ocean_post_subheading":"","ocean_post_title_style":"","ocean_post_title_background_color":"","ocean_post_title_background":0,"ocean_post_title_bg_image_position":"","ocean_post_title_bg_image_attachment":"","ocean_post_title_bg_image_repeat":"","ocean_post_title_bg_image_size":"","ocean_post_title_height":0,"ocean_post_title_bg_overlay":0.5,"ocean_post_title_bg_overlay_color":"","ocean_disable_breadcrumbs":"default","ocean_breadcrumbs_color":"","ocean_breadcrumbs_separator_color":"","ocean_breadcrumbs_links_color":"","ocean_breadcrumbs_links_hover_color":"","ocean_display_footer_widgets":"default","ocean_display_footer_bottom":"default","ocean_custom_footer_template":"0","footnotes":"","_links_to":"","_links_to_target":""},"class_list":["post-1653","page","type-page","status-publish","hentry","entry"],"_links":{"self":[{"href":"https:\/\/equipoacademy.org\/es\/wp-json\/wp\/v2\/pages\/1653","targetHints":{"allow":["GET"]}}],"collection":[{"href":"https:\/\/equipoacademy.org\/es\/wp-json\/wp\/v2\/pages"}],"about":[{"href":"https:\/\/equipoacademy.org\/es\/wp-json\/wp\/v2\/types\/page"}],"author":[{"embeddable":true,"href":"https:\/\/equipoacademy.org\/es\/wp-json\/wp\/v2\/users\/1"}],"replies":[{"embeddable":true,"href":"https:\/\/equipoacademy.org\/es\/wp-json\/wp\/v2\/comments?post=1653"}],"version-history":[{"count":172,"href":"https:\/\/equipoacademy.org\/es\/wp-json\/wp\/v2\/pages\/1653\/revisions"}],"predecessor-version":[{"id":9062,"href":"https:\/\/equipoacademy.org\/es\/wp-json\/wp\/v2\/pages\/1653\/revisions\/9062"}],"up":[{"embeddable":true,"href":"https:\/\/equipoacademy.org\/es\/wp-json\/wp\/v2\/pages\/134"}],"wp:attachment":[{"href":"https:\/\/equipoacademy.org\/es\/wp-json\/wp\/v2\/media?parent=1653"}],"curies":[{"name":"wp","href":"https:\/\/api.w.org\/{rel}","templated":true}]}}